{"id":1940,"date":"2022-08-04T08:44:56","date_gmt":"2022-08-04T06:44:56","guid":{"rendered":"https:\/\/myriapora.com\/lookbook\/"},"modified":"2023-04-18T11:55:53","modified_gmt":"2023-04-18T09:55:53","slug":"lookbook","status":"publish","type":"page","link":"https:\/\/myriapora.com\/es\/lookbook\/","title":{"rendered":"Lookbook"},"content":{"rendered":"\t\t<div data-elementor-type=\"wp-page\" data-elementor-id=\"1940\" class=\"elementor elementor-1940 elementor-546\" data-elementor-post-type=\"page\">\n\t\t\t\t\t\t<section class=\"elementor-section elementor-top-section elementor-element elementor-element-dc75582 elementor-section-full_width elementor-section-content-bottom elementor-section-height-default elementor-section-height-default\" data-id=\"dc75582\" data-element_type=\"section\" data-settings=\"{&quot;jet_parallax_layout_list&quot;:[]}\">\n\t\t\t\t\t\t<div class=\"elementor-container elementor-column-gap-default\">\n\t\t\t\t\t<div class=\"elementor-column elementor-col-50 elementor-top-column elementor-element elementor-element-bfbb37e\" data-id=\"bfbb37e\" data-element_type=\"column\">\n\t\t\t<div class=\"elementor-widget-wrap elementor-element-populated\">\n\t\t\t\t\t\t<section class=\"elementor-section elementor-inner-section elementor-element elementor-element-c5732f0 elementor-section-content-middle elementor-section-boxed elementor-section-height-default elementor-section-height-default\" data-id=\"c5732f0\" data-element_type=\"section\" data-settings=\"{&quot;jet_parallax_layout_list&quot;:[]}\">\n\t\t\t\t\t\t<div class=\"elementor-container elementor-column-gap-default\">\n\t\t\t\t\t<div class=\"elementor-column elementor-col-50 elementor-inner-column elementor-element elementor-element-ea0e830\" data-id=\"ea0e830\" data-element_type=\"column\" data-settings=\"{&quot;background_background&quot;:&quot;classic&quot;}\">\n\t\t\t<div class=\"elementor-widget-wrap elementor-element-populated\">\n\t\t\t\t\t\t<div class=\"elementor-element elementor-element-b623884 elementor-widget elementor-widget-spacer\" data-id=\"b623884\" data-element_type=\"widget\" data-widget_type=\"spacer.default\">\n\t\t\t\t<div class=\"elementor-widget-container\">\n\t\t\t\t\t\t\t<div class=\"elementor-spacer\">\n\t\t\t<div class=\"elementor-spacer-inner\"><\/div>\n\t\t<\/div>\n\t\t\t\t\t\t<\/div>\n\t\t\t\t<\/div>\n\t\t\t\t\t<\/div>\n\t\t<\/div>\n\t\t\t\t<div class=\"elementor-column elementor-col-50 elementor-inner-column elementor-element elementor-element-9fdccf6\" data-id=\"9fdccf6\" data-element_type=\"column\">\n\t\t\t<div class=\"elementor-widget-wrap elementor-element-populated\">\n\t\t\t\t\t\t<div class=\"elementor-element elementor-element-3148ded elementor-widget elementor-widget-heading\" data-id=\"3148ded\" data-element_type=\"widget\" data-widget_type=\"heading.default\">\n\t\t\t\t<div class=\"elementor-widget-container\">\n\t\t\t\t\t<h2 class=\"elementor-heading-title elementor-size-default\"><a href=\"https:\/\/myriapora.com\/es\/lookbook\/areia-collection\/\">AREIA<\/BR>COLLECTION<\/a><\/h2>\t\t\t\t<\/div>\n\t\t\t\t<\/div>\n\t\t\t\t<div class=\"elementor-element elementor-element-11aec68 elementor-align-right elementor-invisible elementor-widget elementor-widget-button\" data-id=\"11aec68\" data-element_type=\"widget\" data-settings=\"{&quot;_animation&quot;:&quot;fadeInUp&quot;}\" data-widget_type=\"button.default\">\n\t\t\t\t<div class=\"elementor-widget-container\">\n\t\t\t\t\t\t\t\t\t<div class=\"elementor-button-wrapper\">\n\t\t\t\t\t<a class=\"elementor-button elementor-button-link elementor-size-sm elementor-animation-float\" href=\"https:\/\/myriapora.com\/es\/lookbook\/areia-collection\/\">\n\t\t\t\t\t\t<span class=\"elementor-button-content-wrapper\">\n\t\t\t\t\t\t\t\t\t<span class=\"elementor-button-text\">Ver lookbook<\/span>\n\t\t\t\t\t<\/span>\n\t\t\t\t\t<\/a>\n\t\t\t\t<\/div>\n\t\t\t\t\t\t\t\t<\/div>\n\t\t\t\t<\/div>\n\t\t\t\t<div class=\"elementor-element elementor-element-37c44f8 elementor-widget elementor-widget-image\" data-id=\"37c44f8\" data-element_type=\"widget\" data-widget_type=\"image.default\">\n\t\t\t\t<div class=\"elementor-widget-container\">\n\t\t\t\t\t\t\t\t\t\t\t\t\t\t\t\t<a href=\"https:\/\/myriapora.com\/es\/lookbook\/areia-collection\/\">\n\t\t\t\t\t\t\t<img fetchpriority=\"high\" decoding=\"async\" width=\"475\" height=\"664\" src=\"https:\/\/myriapora.com\/wp-content\/uploads\/2023\/04\/areia_lookbook2-min.jpeg\" class=\"attachment-large size-large wp-image-3827\" alt=\"\" srcset=\"https:\/\/myriapora.com\/wp-content\/uploads\/2023\/04\/areia_lookbook2-min.jpeg 475w, https:\/\/myriapora.com\/wp-content\/uploads\/2023\/04\/areia_lookbook2-min-215x300.jpeg 215w\" sizes=\"(max-width: 475px) 100vw, 475px\" \/>\t\t\t\t\t\t\t\t<\/a>\n\t\t\t\t\t\t\t\t\t\t\t\t\t\t\t<\/div>\n\t\t\t\t<\/div>\n\t\t\t\t\t<\/div>\n\t\t<\/div>\n\t\t\t\t\t<\/div>\n\t\t<\/section>\n\t\t\t\t\t<\/div>\n\t\t<\/div>\n\t\t\t\t<div class=\"elementor-column elementor-col-50 elementor-top-column elementor-element elementor-element-ed0a65d\" data-id=\"ed0a65d\" data-element_type=\"column\" data-settings=\"{&quot;background_background&quot;:&quot;classic&quot;}\">\n\t\t\t<div class=\"elementor-widget-wrap elementor-element-populated\">\n\t\t\t\t\t\t<div class=\"elementor-element elementor-element-a07635b elementor-widget elementor-widget-spacer\" data-id=\"a07635b\" data-element_type=\"widget\" data-widget_type=\"spacer.default\">\n\t\t\t\t<div class=\"elementor-widget-container\">\n\t\t\t\t\t\t\t<div class=\"elementor-spacer\">\n\t\t\t<div class=\"elementor-spacer-inner\"><\/div>\n\t\t<\/div>\n\t\t\t\t\t\t<\/div>\n\t\t\t\t<\/div>\n\t\t\t\t\t<\/div>\n\t\t<\/div>\n\t\t\t\t\t<\/div>\n\t\t<\/section>\n\t\t\t\t<section class=\"elementor-section elementor-top-section elementor-element elementor-element-21d724e elementor-section-full_width elementor-section-content-bottom elementor-section-height-default elementor-section-height-default\" data-id=\"21d724e\" data-element_type=\"section\" data-settings=\"{&quot;jet_parallax_layout_list&quot;:[]}\">\n\t\t\t\t\t\t<div class=\"elementor-container elementor-column-gap-default\">\n\t\t\t\t\t<div class=\"elementor-column elementor-col-50 elementor-top-column elementor-element elementor-element-8da70eb\" data-id=\"8da70eb\" data-element_type=\"column\" data-settings=\"{&quot;background_background&quot;:&quot;classic&quot;}\">\n\t\t\t<div class=\"elementor-widget-wrap elementor-element-populated\">\n\t\t\t\t\t\t<div class=\"elementor-element elementor-element-1c1c29e elementor-widget elementor-widget-spacer\" data-id=\"1c1c29e\" data-element_type=\"widget\" data-widget_type=\"spacer.default\">\n\t\t\t\t<div class=\"elementor-widget-container\">\n\t\t\t\t\t\t\t<div class=\"elementor-spacer\">\n\t\t\t<div class=\"elementor-spacer-inner\"><\/div>\n\t\t<\/div>\n\t\t\t\t\t\t<\/div>\n\t\t\t\t<\/div>\n\t\t\t\t\t<\/div>\n\t\t<\/div>\n\t\t\t\t<div class=\"elementor-column elementor-col-50 elementor-top-column elementor-element elementor-element-6d73043\" data-id=\"6d73043\" data-element_type=\"column\">\n\t\t\t<div class=\"elementor-widget-wrap elementor-element-populated\">\n\t\t\t\t\t\t<section class=\"elementor-section elementor-inner-section elementor-element elementor-element-d07ff73 elementor-section-content-middle elementor-section-boxed elementor-section-height-default elementor-section-height-default\" data-id=\"d07ff73\" data-element_type=\"section\" data-settings=\"{&quot;jet_parallax_layout_list&quot;:[]}\">\n\t\t\t\t\t\t<div class=\"elementor-container elementor-column-gap-default\">\n\t\t\t\t\t<div class=\"elementor-column elementor-col-50 elementor-inner-column elementor-element elementor-element-2d6f2b0\" data-id=\"2d6f2b0\" data-element_type=\"column\">\n\t\t\t<div class=\"elementor-widget-wrap elementor-element-populated\">\n\t\t\t\t\t\t<div class=\"elementor-element elementor-element-7a0ace9 elementor-widget elementor-widget-heading\" data-id=\"7a0ace9\" data-element_type=\"widget\" data-widget_type=\"heading.default\">\n\t\t\t\t<div class=\"elementor-widget-container\">\n\t\t\t\t\t<h2 class=\"elementor-heading-title elementor-size-default\"><a href=\"https:\/\/myriapora.com\/es\/lookbook\/obverse-capsule-collection\/\">OBVERSE<\/br> COLLECTION<\/a><\/h2>\t\t\t\t<\/div>\n\t\t\t\t<\/div>\n\t\t\t\t<div class=\"elementor-element elementor-element-b330fbc elementor-align-right elementor-invisible elementor-widget elementor-widget-button\" data-id=\"b330fbc\" data-element_type=\"widget\" data-settings=\"{&quot;_animation&quot;:&quot;fadeInUp&quot;}\" data-widget_type=\"button.default\">\n\t\t\t\t<div class=\"elementor-widget-container\">\n\t\t\t\t\t\t\t\t\t<div class=\"elementor-button-wrapper\">\n\t\t\t\t\t<a class=\"elementor-button elementor-button-link elementor-size-sm elementor-animation-float\" href=\"https:\/\/myriapora.com\/es\/lookbook\/obverse-capsule-collection\/\">\n\t\t\t\t\t\t<span class=\"elementor-button-content-wrapper\">\n\t\t\t\t\t\t\t\t\t<span class=\"elementor-button-text\">Ver lookbook<\/span>\n\t\t\t\t\t<\/span>\n\t\t\t\t\t<\/a>\n\t\t\t\t<\/div>\n\t\t\t\t\t\t\t\t<\/div>\n\t\t\t\t<\/div>\n\t\t\t\t<div class=\"elementor-element elementor-element-672edf5 elementor-widget elementor-widget-image\" data-id=\"672edf5\" data-element_type=\"widget\" data-widget_type=\"image.default\">\n\t\t\t\t<div class=\"elementor-widget-container\">\n\t\t\t\t\t\t\t\t\t\t\t\t\t\t\t\t<a href=\"https:\/\/myriapora.com\/es\/lookbook\/obverse-capsule-collection\/\">\n\t\t\t\t\t\t\t<img decoding=\"async\" width=\"475\" height=\"664\" src=\"https:\/\/myriapora.com\/wp-content\/uploads\/2022\/08\/myriapora_lookbook2022_13-min_2.jpg\" class=\"attachment-large size-large wp-image-970\" alt=\"\" srcset=\"https:\/\/myriapora.com\/wp-content\/uploads\/2022\/08\/myriapora_lookbook2022_13-min_2.jpg 475w, https:\/\/myriapora.com\/wp-content\/uploads\/2022\/08\/myriapora_lookbook2022_13-min_2-215x300.jpg 215w\" sizes=\"(max-width: 475px) 100vw, 475px\" \/>\t\t\t\t\t\t\t\t<\/a>\n\t\t\t\t\t\t\t\t\t\t\t\t\t\t\t<\/div>\n\t\t\t\t<\/div>\n\t\t\t\t\t<\/div>\n\t\t<\/div>\n\t\t\t\t<div class=\"elementor-column elementor-col-50 elementor-inner-column elementor-element elementor-element-b58e221\" data-id=\"b58e221\" data-element_type=\"column\" data-settings=\"{&quot;background_background&quot;:&quot;classic&quot;}\">\n\t\t\t<div class=\"elementor-widget-wrap elementor-element-populated\">\n\t\t\t\t\t\t<div class=\"elementor-element elementor-element-188962f elementor-widget elementor-widget-spacer\" data-id=\"188962f\" data-element_type=\"widget\" data-widget_type=\"spacer.default\">\n\t\t\t\t<div class=\"elementor-widget-container\">\n\t\t\t\t\t\t\t<div class=\"elementor-spacer\">\n\t\t\t<div class=\"elementor-spacer-inner\"><\/div>\n\t\t<\/div>\n\t\t\t\t\t\t<\/div>\n\t\t\t\t<\/div>\n\t\t\t\t\t<\/div>\n\t\t<\/div>\n\t\t\t\t\t<\/div>\n\t\t<\/section>\n\t\t\t\t\t<\/div>\n\t\t<\/div>\n\t\t\t\t\t<\/div>\n\t\t<\/section>\n\t\t\t\t<\/div>\n\t\t","protected":false},"excerpt":{"rendered":"<p>AREIACOLLECTION Ver lookbook OBVERSE COLLECTION Ver lookbook<\/p>\n","protected":false},"author":1,"featured_media":0,"parent":0,"menu_order":0,"comment_status":"closed","ping_status":"closed","template":"elementor_header_footer","meta":{"footnotes":""},"class_list":["post-1940","page","type-page","status-publish","hentry"],"yoast_head":"<!-- This site is optimized with the Yoast SEO plugin v27.5 - https:\/\/yoast.com\/product\/yoast-seo-wordpress\/ -->\n<title>Lookbook - Myriapora - Calzado femenino atemporal<\/title>\n<meta name=\"description\" content=\"La historia de nuestra marca surge de la combinaci\u00f3n de la inspiraci\u00f3n en la belleza que encierra el mar Mediterr\u00e1neo -todas sus coloridas y magn\u00edficas especies marinas- y las macrotendencias mundiales de la moda.\" \/>\n<meta name=\"robots\" content=\"index, follow, max-snippet:-1, max-image-preview:large, max-video-preview:-1\" \/>\n<link rel=\"canonical\" href=\"https:\/\/myriapora.com\/es\/lookbook\/\" \/>\n<meta property=\"og:locale\" content=\"es_ES\" \/>\n<meta property=\"og:type\" content=\"article\" \/>\n<meta property=\"og:title\" content=\"Lookbook - Myriapora - Calzado femenino atemporal\" \/>\n<meta property=\"og:description\" content=\"La historia de nuestra marca surge de la combinaci\u00f3n de la inspiraci\u00f3n en la belleza que encierra el mar Mediterr\u00e1neo -todas sus coloridas y magn\u00edficas especies marinas- y las macrotendencias mundiales de la moda.\" \/>\n<meta property=\"og:url\" content=\"https:\/\/myriapora.com\/es\/lookbook\/\" \/>\n<meta property=\"og:site_name\" content=\"Myriapora\" \/>\n<meta property=\"article:modified_time\" content=\"2023-04-18T09:55:53+00:00\" \/>\n<meta property=\"og:image\" content=\"https:\/\/myriapora.com\/wp-content\/uploads\/2023\/04\/areia_lookbook2-min.jpeg\" \/>\n<meta name=\"twitter:card\" content=\"summary_large_image\" \/>\n<script type=\"application\/ld+json\" class=\"yoast-schema-graph\">{\"@context\":\"https:\\\/\\\/schema.org\",\"@graph\":[{\"@type\":\"WebPage\",\"@id\":\"https:\\\/\\\/myriapora.com\\\/es\\\/lookbook\\\/\",\"url\":\"https:\\\/\\\/myriapora.com\\\/es\\\/lookbook\\\/\",\"name\":\"Lookbook - Myriapora - Calzado femenino atemporal\",\"isPartOf\":{\"@id\":\"https:\\\/\\\/myriapora.com\\\/es\\\/#website\"},\"primaryImageOfPage\":{\"@id\":\"https:\\\/\\\/myriapora.com\\\/es\\\/lookbook\\\/#primaryimage\"},\"image\":{\"@id\":\"https:\\\/\\\/myriapora.com\\\/es\\\/lookbook\\\/#primaryimage\"},\"thumbnailUrl\":\"https:\\\/\\\/myriapora.com\\\/wp-content\\\/uploads\\\/2023\\\/04\\\/areia_lookbook2-min.jpeg\",\"datePublished\":\"2022-08-04T06:44:56+00:00\",\"dateModified\":\"2023-04-18T09:55:53+00:00\",\"description\":\"La historia de nuestra marca surge de la combinaci\u00f3n de la inspiraci\u00f3n en la belleza que encierra el mar Mediterr\u00e1neo -todas sus coloridas y magn\u00edficas especies marinas- y las macrotendencias mundiales de la moda.\",\"breadcrumb\":{\"@id\":\"https:\\\/\\\/myriapora.com\\\/es\\\/lookbook\\\/#breadcrumb\"},\"inLanguage\":\"es\",\"potentialAction\":[{\"@type\":\"ReadAction\",\"target\":[\"https:\\\/\\\/myriapora.com\\\/es\\\/lookbook\\\/\"]}]},{\"@type\":\"ImageObject\",\"inLanguage\":\"es\",\"@id\":\"https:\\\/\\\/myriapora.com\\\/es\\\/lookbook\\\/#primaryimage\",\"url\":\"https:\\\/\\\/myriapora.com\\\/wp-content\\\/uploads\\\/2023\\\/04\\\/areia_lookbook2-min.jpeg\",\"contentUrl\":\"https:\\\/\\\/myriapora.com\\\/wp-content\\\/uploads\\\/2023\\\/04\\\/areia_lookbook2-min.jpeg\"},{\"@type\":\"BreadcrumbList\",\"@id\":\"https:\\\/\\\/myriapora.com\\\/es\\\/lookbook\\\/#breadcrumb\",\"itemListElement\":[{\"@type\":\"ListItem\",\"position\":1,\"name\":\"Portada\",\"item\":\"https:\\\/\\\/myriapora.com\\\/es\\\/\"},{\"@type\":\"ListItem\",\"position\":2,\"name\":\"Lookbook\"}]},{\"@type\":\"WebSite\",\"@id\":\"https:\\\/\\\/myriapora.com\\\/es\\\/#website\",\"url\":\"https:\\\/\\\/myriapora.com\\\/es\\\/\",\"name\":\"Myriapora\",\"description\":\"Timeless women\u2019s footwear crafted with artisanal care.\",\"publisher\":{\"@id\":\"https:\\\/\\\/myriapora.com\\\/es\\\/#organization\"},\"potentialAction\":[{\"@type\":\"SearchAction\",\"target\":{\"@type\":\"EntryPoint\",\"urlTemplate\":\"https:\\\/\\\/myriapora.com\\\/es\\\/?s={search_term_string}\"},\"query-input\":{\"@type\":\"PropertyValueSpecification\",\"valueRequired\":true,\"valueName\":\"search_term_string\"}}],\"inLanguage\":\"es\"},{\"@type\":\"Organization\",\"@id\":\"https:\\\/\\\/myriapora.com\\\/es\\\/#organization\",\"name\":\"Myriapora\",\"url\":\"https:\\\/\\\/myriapora.com\\\/es\\\/\",\"logo\":{\"@type\":\"ImageObject\",\"inLanguage\":\"es\",\"@id\":\"https:\\\/\\\/myriapora.com\\\/es\\\/#\\\/schema\\\/logo\\\/image\\\/\",\"url\":\"https:\\\/\\\/myriapora.com\\\/wp-content\\\/uploads\\\/2022\\\/07\\\/cropped-myriapora_logofooter.png\",\"contentUrl\":\"https:\\\/\\\/myriapora.com\\\/wp-content\\\/uploads\\\/2022\\\/07\\\/cropped-myriapora_logofooter.png\",\"width\":250,\"height\":27,\"caption\":\"Myriapora\"},\"image\":{\"@id\":\"https:\\\/\\\/myriapora.com\\\/es\\\/#\\\/schema\\\/logo\\\/image\\\/\"}}]}<\/script>\n<!-- \/ Yoast SEO plugin. -->","yoast_head_json":{"title":"Lookbook - Myriapora - Calzado femenino atemporal","description":"La historia de nuestra marca surge de la combinaci\u00f3n de la inspiraci\u00f3n en la belleza que encierra el mar Mediterr\u00e1neo -todas sus coloridas y magn\u00edficas especies marinas- y las macrotendencias mundiales de la moda.","robots":{"index":"index","follow":"follow","max-snippet":"max-snippet:-1","max-image-preview":"max-image-preview:large","max-video-preview":"max-video-preview:-1"},"canonical":"https:\/\/myriapora.com\/es\/lookbook\/","og_locale":"es_ES","og_type":"article","og_title":"Lookbook - Myriapora - Calzado femenino atemporal","og_description":"La historia de nuestra marca surge de la combinaci\u00f3n de la inspiraci\u00f3n en la belleza que encierra el mar Mediterr\u00e1neo -todas sus coloridas y magn\u00edficas especies marinas- y las macrotendencias mundiales de la moda.","og_url":"https:\/\/myriapora.com\/es\/lookbook\/","og_site_name":"Myriapora","article_modified_time":"2023-04-18T09:55:53+00:00","og_image":[{"url":"https:\/\/myriapora.com\/wp-content\/uploads\/2023\/04\/areia_lookbook2-min.jpeg","type":"","width":"","height":""}],"twitter_card":"summary_large_image","schema":{"@context":"https:\/\/schema.org","@graph":[{"@type":"WebPage","@id":"https:\/\/myriapora.com\/es\/lookbook\/","url":"https:\/\/myriapora.com\/es\/lookbook\/","name":"Lookbook - Myriapora - Calzado femenino atemporal","isPartOf":{"@id":"https:\/\/myriapora.com\/es\/#website"},"primaryImageOfPage":{"@id":"https:\/\/myriapora.com\/es\/lookbook\/#primaryimage"},"image":{"@id":"https:\/\/myriapora.com\/es\/lookbook\/#primaryimage"},"thumbnailUrl":"https:\/\/myriapora.com\/wp-content\/uploads\/2023\/04\/areia_lookbook2-min.jpeg","datePublished":"2022-08-04T06:44:56+00:00","dateModified":"2023-04-18T09:55:53+00:00","description":"La historia de nuestra marca surge de la combinaci\u00f3n de la inspiraci\u00f3n en la belleza que encierra el mar Mediterr\u00e1neo -todas sus coloridas y magn\u00edficas especies marinas- y las macrotendencias mundiales de la moda.","breadcrumb":{"@id":"https:\/\/myriapora.com\/es\/lookbook\/#breadcrumb"},"inLanguage":"es","potentialAction":[{"@type":"ReadAction","target":["https:\/\/myriapora.com\/es\/lookbook\/"]}]},{"@type":"ImageObject","inLanguage":"es","@id":"https:\/\/myriapora.com\/es\/lookbook\/#primaryimage","url":"https:\/\/myriapora.com\/wp-content\/uploads\/2023\/04\/areia_lookbook2-min.jpeg","contentUrl":"https:\/\/myriapora.com\/wp-content\/uploads\/2023\/04\/areia_lookbook2-min.jpeg"},{"@type":"BreadcrumbList","@id":"https:\/\/myriapora.com\/es\/lookbook\/#breadcrumb","itemListElement":[{"@type":"ListItem","position":1,"name":"Portada","item":"https:\/\/myriapora.com\/es\/"},{"@type":"ListItem","position":2,"name":"Lookbook"}]},{"@type":"WebSite","@id":"https:\/\/myriapora.com\/es\/#website","url":"https:\/\/myriapora.com\/es\/","name":"Myriapora","description":"Timeless women\u2019s footwear crafted with artisanal care.","publisher":{"@id":"https:\/\/myriapora.com\/es\/#organization"},"potentialAction":[{"@type":"SearchAction","target":{"@type":"EntryPoint","urlTemplate":"https:\/\/myriapora.com\/es\/?s={search_term_string}"},"query-input":{"@type":"PropertyValueSpecification","valueRequired":true,"valueName":"search_term_string"}}],"inLanguage":"es"},{"@type":"Organization","@id":"https:\/\/myriapora.com\/es\/#organization","name":"Myriapora","url":"https:\/\/myriapora.com\/es\/","logo":{"@type":"ImageObject","inLanguage":"es","@id":"https:\/\/myriapora.com\/es\/#\/schema\/logo\/image\/","url":"https:\/\/myriapora.com\/wp-content\/uploads\/2022\/07\/cropped-myriapora_logofooter.png","contentUrl":"https:\/\/myriapora.com\/wp-content\/uploads\/2022\/07\/cropped-myriapora_logofooter.png","width":250,"height":27,"caption":"Myriapora"},"image":{"@id":"https:\/\/myriapora.com\/es\/#\/schema\/logo\/image\/"}}]}},"_links":{"self":[{"href":"https:\/\/myriapora.com\/es\/wp-json\/wp\/v2\/pages\/1940","targetHints":{"allow":["GET"]}}],"collection":[{"href":"https:\/\/myriapora.com\/es\/wp-json\/wp\/v2\/pages"}],"about":[{"href":"https:\/\/myriapora.com\/es\/wp-json\/wp\/v2\/types\/page"}],"author":[{"embeddable":true,"href":"https:\/\/myriapora.com\/es\/wp-json\/wp\/v2\/users\/1"}],"replies":[{"embeddable":true,"href":"https:\/\/myriapora.com\/es\/wp-json\/wp\/v2\/comments?post=1940"}],"version-history":[{"count":7,"href":"https:\/\/myriapora.com\/es\/wp-json\/wp\/v2\/pages\/1940\/revisions"}],"predecessor-version":[{"id":3838,"href":"https:\/\/myriapora.com\/es\/wp-json\/wp\/v2\/pages\/1940\/revisions\/3838"}],"wp:attachment":[{"href":"https:\/\/myriapora.com\/es\/wp-json\/wp\/v2\/media?parent=1940"}],"curies":[{"name":"wp","href":"https:\/\/api.w.org\/{rel}","templated":true}]}}