{"id":1887,"date":"2022-08-09T08:49:34","date_gmt":"2022-08-09T06:49:34","guid":{"rendered":"https:\/\/myriapora.com\/product\/chusor\/"},"modified":"2023-01-16T10:02:58","modified_gmt":"2023-01-16T09:02:58","slug":"chusor","status":"publish","type":"product","link":"https:\/\/myriapora.com\/es\/producto\/chusor\/","title":{"rendered":"Chusor"},"content":{"rendered":"<p>Cuero de vacuno color negro<br \/>\nForro de cuero<br \/>\nLeng\u00fceta de tela<br \/>\nPuntera redonda<br \/>\nCierre con cordones<br \/>\nAltura del tacon:55 mm<br \/>\nPiso:90% cuero + 10% goma<br \/>\nDise\u00f1ado y fabricado en Espa\u00f1a<\/p>\n","protected":false},"excerpt":{"rendered":"<p>Chusor es un zapato derby en versi\u00f3n urbana y moderna, es nuestra apuesta para looks elegantes y c\u00f3modos para cada d\u00eda. Chusor tiene un dise\u00f1o diferente: empeine en piel de vacuno, leng\u00fceta de tela al tono y carrilleras de goma, con el toque de la pieza trasera en napa acolchada para un extra de comfort.<\/p>\n","protected":false},"featured_media":1134,"comment_status":"open","ping_status":"closed","template":"","meta":[],"product_brand":[],"product_cat":[42],"product_tag":[],"class_list":{"0":"post-1887","1":"product","2":"type-product","3":"status-publish","4":"has-post-thumbnail","6":"product_cat-zapatos","8":"first","9":"instock","10":"sale","11":"taxable","12":"shipping-taxable","13":"purchasable","14":"product-type-variable"},"yoast_head":"<!-- This site is optimized with the Yoast SEO plugin v27.5 - https:\/\/yoast.com\/product\/yoast-seo-wordpress\/ -->\n<title>Chusor - Myriapora<\/title>\n<meta name=\"robots\" content=\"index, follow, max-snippet:-1, max-image-preview:large, max-video-preview:-1\" \/>\n<link rel=\"canonical\" href=\"https:\/\/myriapora.com\/es\/producto\/chusor\/\" \/>\n<meta property=\"og:locale\" content=\"es_ES\" \/>\n<meta property=\"og:type\" content=\"article\" \/>\n<meta property=\"og:title\" content=\"Chusor - Myriapora\" \/>\n<meta property=\"og:description\" content=\"Chusor es un zapato derby en versi\u00f3n urbana y moderna, es nuestra apuesta para looks elegantes y c\u00f3modos para cada d\u00eda. Chusor tiene un dise\u00f1o diferente: empeine en piel de vacuno, leng\u00fceta de tela al tono y carrilleras de goma, con el toque de la pieza trasera en napa acolchada para un extra de comfort.\" \/>\n<meta property=\"og:url\" content=\"https:\/\/myriapora.com\/es\/producto\/chusor\/\" \/>\n<meta property=\"og:site_name\" content=\"Myriapora\" \/>\n<meta property=\"article:modified_time\" content=\"2023-01-16T09:02:58+00:00\" \/>\n<meta property=\"og:image\" content=\"https:\/\/myriapora.com\/wp-content\/uploads\/2022\/08\/CHUSOR_01-min.jpg\" \/>\n\t<meta property=\"og:image:width\" content=\"960\" \/>\n\t<meta property=\"og:image:height\" content=\"960\" \/>\n\t<meta property=\"og:image:type\" content=\"image\/jpeg\" \/>\n<meta name=\"twitter:card\" content=\"summary_large_image\" \/>\n<script type=\"application\/ld+json\" class=\"yoast-schema-graph\">{\"@context\":\"https:\\\/\\\/schema.org\",\"@graph\":[{\"@type\":\"WebPage\",\"@id\":\"https:\\\/\\\/myriapora.com\\\/es\\\/producto\\\/chusor\\\/\",\"url\":\"https:\\\/\\\/myriapora.com\\\/es\\\/producto\\\/chusor\\\/\",\"name\":\"Chusor - Myriapora\",\"isPartOf\":{\"@id\":\"https:\\\/\\\/myriapora.com\\\/es\\\/#website\"},\"primaryImageOfPage\":{\"@id\":\"https:\\\/\\\/myriapora.com\\\/es\\\/producto\\\/chusor\\\/#primaryimage\"},\"image\":{\"@id\":\"https:\\\/\\\/myriapora.com\\\/es\\\/producto\\\/chusor\\\/#primaryimage\"},\"thumbnailUrl\":\"https:\\\/\\\/myriapora.com\\\/wp-content\\\/uploads\\\/2022\\\/08\\\/CHUSOR_01-min.jpg\",\"datePublished\":\"2022-08-09T06:49:34+00:00\",\"dateModified\":\"2023-01-16T09:02:58+00:00\",\"breadcrumb\":{\"@id\":\"https:\\\/\\\/myriapora.com\\\/es\\\/producto\\\/chusor\\\/#breadcrumb\"},\"inLanguage\":\"es\",\"potentialAction\":[{\"@type\":\"ReadAction\",\"target\":[\"https:\\\/\\\/myriapora.com\\\/es\\\/producto\\\/chusor\\\/\"]}]},{\"@type\":\"ImageObject\",\"inLanguage\":\"es\",\"@id\":\"https:\\\/\\\/myriapora.com\\\/es\\\/producto\\\/chusor\\\/#primaryimage\",\"url\":\"https:\\\/\\\/myriapora.com\\\/wp-content\\\/uploads\\\/2022\\\/08\\\/CHUSOR_01-min.jpg\",\"contentUrl\":\"https:\\\/\\\/myriapora.com\\\/wp-content\\\/uploads\\\/2022\\\/08\\\/CHUSOR_01-min.jpg\",\"width\":960,\"height\":960},{\"@type\":\"BreadcrumbList\",\"@id\":\"https:\\\/\\\/myriapora.com\\\/es\\\/producto\\\/chusor\\\/#breadcrumb\",\"itemListElement\":[{\"@type\":\"ListItem\",\"position\":1,\"name\":\"Portada\",\"item\":\"https:\\\/\\\/myriapora.com\\\/es\\\/\"},{\"@type\":\"ListItem\",\"position\":2,\"name\":\"Tienda\",\"item\":\"https:\\\/\\\/myriapora.com\\\/es\\\/tienda\\\/\"},{\"@type\":\"ListItem\",\"position\":3,\"name\":\"Chusor\"}]},{\"@type\":\"WebSite\",\"@id\":\"https:\\\/\\\/myriapora.com\\\/es\\\/#website\",\"url\":\"https:\\\/\\\/myriapora.com\\\/es\\\/\",\"name\":\"Myriapora\",\"description\":\"Timeless women\u2019s footwear crafted with artisanal care.\",\"publisher\":{\"@id\":\"https:\\\/\\\/myriapora.com\\\/es\\\/#organization\"},\"potentialAction\":[{\"@type\":\"SearchAction\",\"target\":{\"@type\":\"EntryPoint\",\"urlTemplate\":\"https:\\\/\\\/myriapora.com\\\/es\\\/?s={search_term_string}\"},\"query-input\":{\"@type\":\"PropertyValueSpecification\",\"valueRequired\":true,\"valueName\":\"search_term_string\"}}],\"inLanguage\":\"es\"},{\"@type\":\"Organization\",\"@id\":\"https:\\\/\\\/myriapora.com\\\/es\\\/#organization\",\"name\":\"Myriapora\",\"url\":\"https:\\\/\\\/myriapora.com\\\/es\\\/\",\"logo\":{\"@type\":\"ImageObject\",\"inLanguage\":\"es\",\"@id\":\"https:\\\/\\\/myriapora.com\\\/es\\\/#\\\/schema\\\/logo\\\/image\\\/\",\"url\":\"https:\\\/\\\/myriapora.com\\\/wp-content\\\/uploads\\\/2022\\\/07\\\/cropped-myriapora_logofooter.png\",\"contentUrl\":\"https:\\\/\\\/myriapora.com\\\/wp-content\\\/uploads\\\/2022\\\/07\\\/cropped-myriapora_logofooter.png\",\"width\":250,\"height\":27,\"caption\":\"Myriapora\"},\"image\":{\"@id\":\"https:\\\/\\\/myriapora.com\\\/es\\\/#\\\/schema\\\/logo\\\/image\\\/\"}}]}<\/script>\n<!-- \/ Yoast SEO plugin. -->","yoast_head_json":{"title":"Chusor - Myriapora","robots":{"index":"index","follow":"follow","max-snippet":"max-snippet:-1","max-image-preview":"max-image-preview:large","max-video-preview":"max-video-preview:-1"},"canonical":"https:\/\/myriapora.com\/es\/producto\/chusor\/","og_locale":"es_ES","og_type":"article","og_title":"Chusor - Myriapora","og_description":"Chusor es un zapato derby en versi\u00f3n urbana y moderna, es nuestra apuesta para looks elegantes y c\u00f3modos para cada d\u00eda. Chusor tiene un dise\u00f1o diferente: empeine en piel de vacuno, leng\u00fceta de tela al tono y carrilleras de goma, con el toque de la pieza trasera en napa acolchada para un extra de comfort.","og_url":"https:\/\/myriapora.com\/es\/producto\/chusor\/","og_site_name":"Myriapora","article_modified_time":"2023-01-16T09:02:58+00:00","og_image":[{"width":960,"height":960,"url":"https:\/\/myriapora.com\/wp-content\/uploads\/2022\/08\/CHUSOR_01-min.jpg","type":"image\/jpeg"}],"twitter_card":"summary_large_image","schema":{"@context":"https:\/\/schema.org","@graph":[{"@type":"WebPage","@id":"https:\/\/myriapora.com\/es\/producto\/chusor\/","url":"https:\/\/myriapora.com\/es\/producto\/chusor\/","name":"Chusor - Myriapora","isPartOf":{"@id":"https:\/\/myriapora.com\/es\/#website"},"primaryImageOfPage":{"@id":"https:\/\/myriapora.com\/es\/producto\/chusor\/#primaryimage"},"image":{"@id":"https:\/\/myriapora.com\/es\/producto\/chusor\/#primaryimage"},"thumbnailUrl":"https:\/\/myriapora.com\/wp-content\/uploads\/2022\/08\/CHUSOR_01-min.jpg","datePublished":"2022-08-09T06:49:34+00:00","dateModified":"2023-01-16T09:02:58+00:00","breadcrumb":{"@id":"https:\/\/myriapora.com\/es\/producto\/chusor\/#breadcrumb"},"inLanguage":"es","potentialAction":[{"@type":"ReadAction","target":["https:\/\/myriapora.com\/es\/producto\/chusor\/"]}]},{"@type":"ImageObject","inLanguage":"es","@id":"https:\/\/myriapora.com\/es\/producto\/chusor\/#primaryimage","url":"https:\/\/myriapora.com\/wp-content\/uploads\/2022\/08\/CHUSOR_01-min.jpg","contentUrl":"https:\/\/myriapora.com\/wp-content\/uploads\/2022\/08\/CHUSOR_01-min.jpg","width":960,"height":960},{"@type":"BreadcrumbList","@id":"https:\/\/myriapora.com\/es\/producto\/chusor\/#breadcrumb","itemListElement":[{"@type":"ListItem","position":1,"name":"Portada","item":"https:\/\/myriapora.com\/es\/"},{"@type":"ListItem","position":2,"name":"Tienda","item":"https:\/\/myriapora.com\/es\/tienda\/"},{"@type":"ListItem","position":3,"name":"Chusor"}]},{"@type":"WebSite","@id":"https:\/\/myriapora.com\/es\/#website","url":"https:\/\/myriapora.com\/es\/","name":"Myriapora","description":"Timeless women\u2019s footwear crafted with artisanal care.","publisher":{"@id":"https:\/\/myriapora.com\/es\/#organization"},"potentialAction":[{"@type":"SearchAction","target":{"@type":"EntryPoint","urlTemplate":"https:\/\/myriapora.com\/es\/?s={search_term_string}"},"query-input":{"@type":"PropertyValueSpecification","valueRequired":true,"valueName":"search_term_string"}}],"inLanguage":"es"},{"@type":"Organization","@id":"https:\/\/myriapora.com\/es\/#organization","name":"Myriapora","url":"https:\/\/myriapora.com\/es\/","logo":{"@type":"ImageObject","inLanguage":"es","@id":"https:\/\/myriapora.com\/es\/#\/schema\/logo\/image\/","url":"https:\/\/myriapora.com\/wp-content\/uploads\/2022\/07\/cropped-myriapora_logofooter.png","contentUrl":"https:\/\/myriapora.com\/wp-content\/uploads\/2022\/07\/cropped-myriapora_logofooter.png","width":250,"height":27,"caption":"Myriapora"},"image":{"@id":"https:\/\/myriapora.com\/es\/#\/schema\/logo\/image\/"}}]}},"_links":{"self":[{"href":"https:\/\/myriapora.com\/es\/wp-json\/wp\/v2\/product\/1887","targetHints":{"allow":["GET"]}}],"collection":[{"href":"https:\/\/myriapora.com\/es\/wp-json\/wp\/v2\/product"}],"about":[{"href":"https:\/\/myriapora.com\/es\/wp-json\/wp\/v2\/types\/product"}],"replies":[{"embeddable":true,"href":"https:\/\/myriapora.com\/es\/wp-json\/wp\/v2\/comments?post=1887"}],"wp:featuredmedia":[{"embeddable":true,"href":"https:\/\/myriapora.com\/es\/wp-json\/wp\/v2\/media\/1134"}],"wp:attachment":[{"href":"https:\/\/myriapora.com\/es\/wp-json\/wp\/v2\/media?parent=1887"}],"wp:term":[{"taxonomy":"product_brand","embeddable":true,"href":"https:\/\/myriapora.com\/es\/wp-json\/wp\/v2\/product_brand?post=1887"},{"taxonomy":"product_cat","embeddable":true,"href":"https:\/\/myriapora.com\/es\/wp-json\/wp\/v2\/product_cat?post=1887"},{"taxonomy":"product_tag","embeddable":true,"href":"https:\/\/myriapora.com\/es\/wp-json\/wp\/v2\/product_tag?post=1887"}],"curies":[{"name":"wp","href":"https:\/\/api.w.org\/{rel}","templated":true}]}}