{"id":1907,"date":"2022-08-09T09:03:28","date_gmt":"2022-08-09T07:03:28","guid":{"rendered":"https:\/\/myriapora.com\/product\/bey-beige\/"},"modified":"2023-08-31T00:00:07","modified_gmt":"2023-08-30T22:00:07","slug":"bey-beige","status":"publish","type":"product","link":"https:\/\/myriapora.com\/es\/producto\/bey-beige\/","title":{"rendered":"Bey Beige"},"content":{"rendered":"<p>Cuero de cordero color beige<br \/>\nForro de cuero<br \/>\nPuntera cuadrada<br \/>\nPlantilla acolchada<br \/>\nBot\u00f3n ba\u00f1o plata con el logo de Myriapora<br \/>\nAltura del tacon:85 mm<br \/>\nPiso:90% cuero + 10% goma<br \/>\nDise\u00f1ado y fabricado en Espa\u00f1a<\/p>\n","protected":false},"excerpt":{"rendered":"<p>En la sandalia Bey de suave napa en color beige, es una elecci\u00f3n perfecta para un look elegante y atemporal. El dise\u00f1o de esta sandalia tiene dos tiras acolchadas que sujetan el pie, un bot\u00f3n con el logotipo de la marca Myriapora y un tac\u00f3n de 85mm. Para conseguir mayor comodidad, una plantilla acolchada.<\/p>\n","protected":false},"featured_media":4846,"comment_status":"open","ping_status":"closed","template":"","meta":[],"product_brand":[],"product_cat":[42],"product_tag":[],"class_list":{"0":"post-1907","1":"product","2":"type-product","3":"status-publish","4":"has-post-thumbnail","6":"product_cat-zapatos","8":"first","9":"instock","10":"taxable","11":"shipping-taxable","12":"purchasable","13":"product-type-variable"},"yoast_head":"<!-- This site is optimized with the Yoast SEO plugin v27.5 - https:\/\/yoast.com\/product\/yoast-seo-wordpress\/ -->\n<title>Bey Beige - Myriapora<\/title>\n<meta name=\"robots\" content=\"index, follow, max-snippet:-1, max-image-preview:large, max-video-preview:-1\" \/>\n<link rel=\"canonical\" href=\"https:\/\/myriapora.com\/es\/producto\/bey-beige\/\" \/>\n<meta property=\"og:locale\" content=\"es_ES\" \/>\n<meta property=\"og:type\" content=\"article\" \/>\n<meta property=\"og:title\" content=\"Bey Beige - Myriapora\" \/>\n<meta property=\"og:description\" content=\"En la sandalia Bey de suave napa en color beige, es una elecci\u00f3n perfecta para un look elegante y atemporal. El dise\u00f1o de esta sandalia tiene dos tiras acolchadas que sujetan el pie, un bot\u00f3n con el logotipo de la marca Myriapora y un tac\u00f3n de 85mm. Para conseguir mayor comodidad, una plantilla acolchada.\" \/>\n<meta property=\"og:url\" content=\"https:\/\/myriapora.com\/es\/producto\/bey-beige\/\" \/>\n<meta property=\"og:site_name\" content=\"Myriapora\" \/>\n<meta property=\"article:modified_time\" content=\"2023-08-30T22:00:07+00:00\" \/>\n<meta property=\"og:image\" content=\"https:\/\/myriapora.com\/wp-content\/uploads\/2022\/08\/BEY_beig_01-min.jpg\" \/>\n\t<meta property=\"og:image:width\" content=\"960\" \/>\n\t<meta property=\"og:image:height\" content=\"960\" \/>\n\t<meta property=\"og:image:type\" content=\"image\/jpeg\" \/>\n<meta name=\"twitter:card\" content=\"summary_large_image\" \/>\n<script type=\"application\/ld+json\" class=\"yoast-schema-graph\">{\"@context\":\"https:\\\/\\\/schema.org\",\"@graph\":[{\"@type\":\"WebPage\",\"@id\":\"https:\\\/\\\/myriapora.com\\\/es\\\/producto\\\/bey-beige\\\/\",\"url\":\"https:\\\/\\\/myriapora.com\\\/es\\\/producto\\\/bey-beige\\\/\",\"name\":\"Bey Beige - Myriapora\",\"isPartOf\":{\"@id\":\"https:\\\/\\\/myriapora.com\\\/es\\\/#website\"},\"primaryImageOfPage\":{\"@id\":\"https:\\\/\\\/myriapora.com\\\/es\\\/producto\\\/bey-beige\\\/#primaryimage\"},\"image\":{\"@id\":\"https:\\\/\\\/myriapora.com\\\/es\\\/producto\\\/bey-beige\\\/#primaryimage\"},\"thumbnailUrl\":\"https:\\\/\\\/myriapora.com\\\/wp-content\\\/uploads\\\/2022\\\/08\\\/1-scaled.jpg\",\"datePublished\":\"2022-08-09T07:03:28+00:00\",\"dateModified\":\"2023-08-30T22:00:07+00:00\",\"breadcrumb\":{\"@id\":\"https:\\\/\\\/myriapora.com\\\/es\\\/producto\\\/bey-beige\\\/#breadcrumb\"},\"inLanguage\":\"es\",\"potentialAction\":[{\"@type\":\"ReadAction\",\"target\":[\"https:\\\/\\\/myriapora.com\\\/es\\\/producto\\\/bey-beige\\\/\"]}]},{\"@type\":\"ImageObject\",\"inLanguage\":\"es\",\"@id\":\"https:\\\/\\\/myriapora.com\\\/es\\\/producto\\\/bey-beige\\\/#primaryimage\",\"url\":\"https:\\\/\\\/myriapora.com\\\/wp-content\\\/uploads\\\/2022\\\/08\\\/1-scaled.jpg\",\"contentUrl\":\"https:\\\/\\\/myriapora.com\\\/wp-content\\\/uploads\\\/2022\\\/08\\\/1-scaled.jpg\",\"width\":2560,\"height\":2560},{\"@type\":\"BreadcrumbList\",\"@id\":\"https:\\\/\\\/myriapora.com\\\/es\\\/producto\\\/bey-beige\\\/#breadcrumb\",\"itemListElement\":[{\"@type\":\"ListItem\",\"position\":1,\"name\":\"Portada\",\"item\":\"https:\\\/\\\/myriapora.com\\\/es\\\/\"},{\"@type\":\"ListItem\",\"position\":2,\"name\":\"Tienda\",\"item\":\"https:\\\/\\\/myriapora.com\\\/es\\\/tienda\\\/\"},{\"@type\":\"ListItem\",\"position\":3,\"name\":\"Bey Beige\"}]},{\"@type\":\"WebSite\",\"@id\":\"https:\\\/\\\/myriapora.com\\\/es\\\/#website\",\"url\":\"https:\\\/\\\/myriapora.com\\\/es\\\/\",\"name\":\"Myriapora\",\"description\":\"Timeless women\u2019s footwear crafted with artisanal care.\",\"publisher\":{\"@id\":\"https:\\\/\\\/myriapora.com\\\/es\\\/#organization\"},\"potentialAction\":[{\"@type\":\"SearchAction\",\"target\":{\"@type\":\"EntryPoint\",\"urlTemplate\":\"https:\\\/\\\/myriapora.com\\\/es\\\/?s={search_term_string}\"},\"query-input\":{\"@type\":\"PropertyValueSpecification\",\"valueRequired\":true,\"valueName\":\"search_term_string\"}}],\"inLanguage\":\"es\"},{\"@type\":\"Organization\",\"@id\":\"https:\\\/\\\/myriapora.com\\\/es\\\/#organization\",\"name\":\"Myriapora\",\"url\":\"https:\\\/\\\/myriapora.com\\\/es\\\/\",\"logo\":{\"@type\":\"ImageObject\",\"inLanguage\":\"es\",\"@id\":\"https:\\\/\\\/myriapora.com\\\/es\\\/#\\\/schema\\\/logo\\\/image\\\/\",\"url\":\"https:\\\/\\\/myriapora.com\\\/wp-content\\\/uploads\\\/2022\\\/07\\\/cropped-myriapora_logofooter.png\",\"contentUrl\":\"https:\\\/\\\/myriapora.com\\\/wp-content\\\/uploads\\\/2022\\\/07\\\/cropped-myriapora_logofooter.png\",\"width\":250,\"height\":27,\"caption\":\"Myriapora\"},\"image\":{\"@id\":\"https:\\\/\\\/myriapora.com\\\/es\\\/#\\\/schema\\\/logo\\\/image\\\/\"}}]}<\/script>\n<!-- \/ Yoast SEO plugin. -->","yoast_head_json":{"title":"Bey Beige - Myriapora","robots":{"index":"index","follow":"follow","max-snippet":"max-snippet:-1","max-image-preview":"max-image-preview:large","max-video-preview":"max-video-preview:-1"},"canonical":"https:\/\/myriapora.com\/es\/producto\/bey-beige\/","og_locale":"es_ES","og_type":"article","og_title":"Bey Beige - Myriapora","og_description":"En la sandalia Bey de suave napa en color beige, es una elecci\u00f3n perfecta para un look elegante y atemporal. El dise\u00f1o de esta sandalia tiene dos tiras acolchadas que sujetan el pie, un bot\u00f3n con el logotipo de la marca Myriapora y un tac\u00f3n de 85mm. Para conseguir mayor comodidad, una plantilla acolchada.","og_url":"https:\/\/myriapora.com\/es\/producto\/bey-beige\/","og_site_name":"Myriapora","article_modified_time":"2023-08-30T22:00:07+00:00","og_image":[{"width":960,"height":960,"url":"https:\/\/myriapora.com\/wp-content\/uploads\/2022\/08\/BEY_beig_01-min.jpg","type":"image\/jpeg"}],"twitter_card":"summary_large_image","schema":{"@context":"https:\/\/schema.org","@graph":[{"@type":"WebPage","@id":"https:\/\/myriapora.com\/es\/producto\/bey-beige\/","url":"https:\/\/myriapora.com\/es\/producto\/bey-beige\/","name":"Bey Beige - Myriapora","isPartOf":{"@id":"https:\/\/myriapora.com\/es\/#website"},"primaryImageOfPage":{"@id":"https:\/\/myriapora.com\/es\/producto\/bey-beige\/#primaryimage"},"image":{"@id":"https:\/\/myriapora.com\/es\/producto\/bey-beige\/#primaryimage"},"thumbnailUrl":"https:\/\/myriapora.com\/wp-content\/uploads\/2022\/08\/1-scaled.jpg","datePublished":"2022-08-09T07:03:28+00:00","dateModified":"2023-08-30T22:00:07+00:00","breadcrumb":{"@id":"https:\/\/myriapora.com\/es\/producto\/bey-beige\/#breadcrumb"},"inLanguage":"es","potentialAction":[{"@type":"ReadAction","target":["https:\/\/myriapora.com\/es\/producto\/bey-beige\/"]}]},{"@type":"ImageObject","inLanguage":"es","@id":"https:\/\/myriapora.com\/es\/producto\/bey-beige\/#primaryimage","url":"https:\/\/myriapora.com\/wp-content\/uploads\/2022\/08\/1-scaled.jpg","contentUrl":"https:\/\/myriapora.com\/wp-content\/uploads\/2022\/08\/1-scaled.jpg","width":2560,"height":2560},{"@type":"BreadcrumbList","@id":"https:\/\/myriapora.com\/es\/producto\/bey-beige\/#breadcrumb","itemListElement":[{"@type":"ListItem","position":1,"name":"Portada","item":"https:\/\/myriapora.com\/es\/"},{"@type":"ListItem","position":2,"name":"Tienda","item":"https:\/\/myriapora.com\/es\/tienda\/"},{"@type":"ListItem","position":3,"name":"Bey Beige"}]},{"@type":"WebSite","@id":"https:\/\/myriapora.com\/es\/#website","url":"https:\/\/myriapora.com\/es\/","name":"Myriapora","description":"Timeless women\u2019s footwear crafted with artisanal care.","publisher":{"@id":"https:\/\/myriapora.com\/es\/#organization"},"potentialAction":[{"@type":"SearchAction","target":{"@type":"EntryPoint","urlTemplate":"https:\/\/myriapora.com\/es\/?s={search_term_string}"},"query-input":{"@type":"PropertyValueSpecification","valueRequired":true,"valueName":"search_term_string"}}],"inLanguage":"es"},{"@type":"Organization","@id":"https:\/\/myriapora.com\/es\/#organization","name":"Myriapora","url":"https:\/\/myriapora.com\/es\/","logo":{"@type":"ImageObject","inLanguage":"es","@id":"https:\/\/myriapora.com\/es\/#\/schema\/logo\/image\/","url":"https:\/\/myriapora.com\/wp-content\/uploads\/2022\/07\/cropped-myriapora_logofooter.png","contentUrl":"https:\/\/myriapora.com\/wp-content\/uploads\/2022\/07\/cropped-myriapora_logofooter.png","width":250,"height":27,"caption":"Myriapora"},"image":{"@id":"https:\/\/myriapora.com\/es\/#\/schema\/logo\/image\/"}}]}},"_links":{"self":[{"href":"https:\/\/myriapora.com\/es\/wp-json\/wp\/v2\/product\/1907","targetHints":{"allow":["GET"]}}],"collection":[{"href":"https:\/\/myriapora.com\/es\/wp-json\/wp\/v2\/product"}],"about":[{"href":"https:\/\/myriapora.com\/es\/wp-json\/wp\/v2\/types\/product"}],"replies":[{"embeddable":true,"href":"https:\/\/myriapora.com\/es\/wp-json\/wp\/v2\/comments?post=1907"}],"wp:featuredmedia":[{"embeddable":true,"href":"https:\/\/myriapora.com\/es\/wp-json\/wp\/v2\/media\/4846"}],"wp:attachment":[{"href":"https:\/\/myriapora.com\/es\/wp-json\/wp\/v2\/media?parent=1907"}],"wp:term":[{"taxonomy":"product_brand","embeddable":true,"href":"https:\/\/myriapora.com\/es\/wp-json\/wp\/v2\/product_brand?post=1907"},{"taxonomy":"product_cat","embeddable":true,"href":"https:\/\/myriapora.com\/es\/wp-json\/wp\/v2\/product_cat?post=1907"},{"taxonomy":"product_tag","embeddable":true,"href":"https:\/\/myriapora.com\/es\/wp-json\/wp\/v2\/product_tag?post=1907"}],"curies":[{"name":"wp","href":"https:\/\/api.w.org\/{rel}","templated":true}]}}