{"id":1927,"date":"2022-08-10T09:11:16","date_gmt":"2022-08-10T07:11:16","guid":{"rendered":"https:\/\/myriapora.com\/product\/leny-negro\/"},"modified":"2024-09-09T01:00:09","modified_gmt":"2024-09-08T23:00:09","slug":"leny-negro","status":"publish","type":"product","link":"https:\/\/myriapora.com\/es\/producto\/leny-negro\/","title":{"rendered":"Leny Negro"},"content":{"rendered":"<p>Cuero de vacuno color negro<br \/>\nForro de cuero<br \/>\nPuntera en punta<br \/>\nAltura del tacon:80 mm<br \/>\nPiso:90% cuero + 10% goma<br \/>\nDise\u00f1ado y fabricado en Espa\u00f1a<\/p>\n","protected":false},"excerpt":{"rendered":"<p>Estos zapatos de tac\u00f3n negros Leny son tan sofisticados como elegantes. Fabricados en piel de vacuno de color negro, con un el\u00e1stico al tono y un tac\u00f3n ancho de 80mm, tienen la plantilla ligeramente acolchada. Es un dise\u00f1o minimalista, c\u00f3modo y f\u00e1cil de combinar.<\/p>\n","protected":false},"featured_media":1291,"comment_status":"open","ping_status":"closed","template":"","meta":[],"product_brand":[],"product_cat":[42],"product_tag":[],"class_list":{"0":"post-1927","1":"product","2":"type-product","3":"status-publish","4":"has-post-thumbnail","6":"product_cat-zapatos","8":"first","9":"instock","10":"taxable","11":"shipping-taxable","12":"purchasable","13":"product-type-variable"},"yoast_head":"<!-- This site is optimized with the Yoast SEO plugin v27.5 - https:\/\/yoast.com\/product\/yoast-seo-wordpress\/ -->\n<title>Leny Negro - Myriapora<\/title>\n<meta name=\"robots\" content=\"index, follow, max-snippet:-1, max-image-preview:large, max-video-preview:-1\" \/>\n<link rel=\"canonical\" href=\"https:\/\/myriapora.com\/es\/producto\/leny-negro\/\" \/>\n<meta property=\"og:locale\" content=\"es_ES\" \/>\n<meta property=\"og:type\" content=\"article\" \/>\n<meta property=\"og:title\" content=\"Leny Negro - Myriapora\" \/>\n<meta property=\"og:description\" content=\"Estos zapatos de tac\u00f3n negros Leny son tan sofisticados como elegantes. Fabricados en piel de vacuno de color negro, con un el\u00e1stico al tono y un tac\u00f3n ancho de 80mm, tienen la plantilla ligeramente acolchada. Es un dise\u00f1o minimalista, c\u00f3modo y f\u00e1cil de combinar.\" \/>\n<meta property=\"og:url\" content=\"https:\/\/myriapora.com\/es\/producto\/leny-negro\/\" \/>\n<meta property=\"og:site_name\" content=\"Myriapora\" \/>\n<meta property=\"article:modified_time\" content=\"2024-09-08T23:00:09+00:00\" \/>\n<meta property=\"og:image\" content=\"https:\/\/myriapora.com\/wp-content\/uploads\/2022\/08\/LENY_black_01-min.jpg\" \/>\n\t<meta property=\"og:image:width\" content=\"960\" \/>\n\t<meta property=\"og:image:height\" content=\"960\" \/>\n\t<meta property=\"og:image:type\" content=\"image\/jpeg\" \/>\n<meta name=\"twitter:card\" content=\"summary_large_image\" \/>\n<script type=\"application\/ld+json\" class=\"yoast-schema-graph\">{\"@context\":\"https:\\\/\\\/schema.org\",\"@graph\":[{\"@type\":\"WebPage\",\"@id\":\"https:\\\/\\\/myriapora.com\\\/es\\\/producto\\\/leny-negro\\\/\",\"url\":\"https:\\\/\\\/myriapora.com\\\/es\\\/producto\\\/leny-negro\\\/\",\"name\":\"Leny Negro - Myriapora\",\"isPartOf\":{\"@id\":\"https:\\\/\\\/myriapora.com\\\/es\\\/#website\"},\"primaryImageOfPage\":{\"@id\":\"https:\\\/\\\/myriapora.com\\\/es\\\/producto\\\/leny-negro\\\/#primaryimage\"},\"image\":{\"@id\":\"https:\\\/\\\/myriapora.com\\\/es\\\/producto\\\/leny-negro\\\/#primaryimage\"},\"thumbnailUrl\":\"https:\\\/\\\/myriapora.com\\\/wp-content\\\/uploads\\\/2022\\\/08\\\/LENY_black_01-min.jpg\",\"datePublished\":\"2022-08-10T07:11:16+00:00\",\"dateModified\":\"2024-09-08T23:00:09+00:00\",\"breadcrumb\":{\"@id\":\"https:\\\/\\\/myriapora.com\\\/es\\\/producto\\\/leny-negro\\\/#breadcrumb\"},\"inLanguage\":\"es\",\"potentialAction\":[{\"@type\":\"ReadAction\",\"target\":[\"https:\\\/\\\/myriapora.com\\\/es\\\/producto\\\/leny-negro\\\/\"]}]},{\"@type\":\"ImageObject\",\"inLanguage\":\"es\",\"@id\":\"https:\\\/\\\/myriapora.com\\\/es\\\/producto\\\/leny-negro\\\/#primaryimage\",\"url\":\"https:\\\/\\\/myriapora.com\\\/wp-content\\\/uploads\\\/2022\\\/08\\\/LENY_black_01-min.jpg\",\"contentUrl\":\"https:\\\/\\\/myriapora.com\\\/wp-content\\\/uploads\\\/2022\\\/08\\\/LENY_black_01-min.jpg\",\"width\":960,\"height\":960},{\"@type\":\"BreadcrumbList\",\"@id\":\"https:\\\/\\\/myriapora.com\\\/es\\\/producto\\\/leny-negro\\\/#breadcrumb\",\"itemListElement\":[{\"@type\":\"ListItem\",\"position\":1,\"name\":\"Portada\",\"item\":\"https:\\\/\\\/myriapora.com\\\/es\\\/\"},{\"@type\":\"ListItem\",\"position\":2,\"name\":\"Tienda\",\"item\":\"https:\\\/\\\/myriapora.com\\\/es\\\/tienda\\\/\"},{\"@type\":\"ListItem\",\"position\":3,\"name\":\"Leny Negro\"}]},{\"@type\":\"WebSite\",\"@id\":\"https:\\\/\\\/myriapora.com\\\/es\\\/#website\",\"url\":\"https:\\\/\\\/myriapora.com\\\/es\\\/\",\"name\":\"Myriapora\",\"description\":\"Timeless women\u2019s footwear crafted with artisanal care.\",\"publisher\":{\"@id\":\"https:\\\/\\\/myriapora.com\\\/es\\\/#organization\"},\"potentialAction\":[{\"@type\":\"SearchAction\",\"target\":{\"@type\":\"EntryPoint\",\"urlTemplate\":\"https:\\\/\\\/myriapora.com\\\/es\\\/?s={search_term_string}\"},\"query-input\":{\"@type\":\"PropertyValueSpecification\",\"valueRequired\":true,\"valueName\":\"search_term_string\"}}],\"inLanguage\":\"es\"},{\"@type\":\"Organization\",\"@id\":\"https:\\\/\\\/myriapora.com\\\/es\\\/#organization\",\"name\":\"Myriapora\",\"url\":\"https:\\\/\\\/myriapora.com\\\/es\\\/\",\"logo\":{\"@type\":\"ImageObject\",\"inLanguage\":\"es\",\"@id\":\"https:\\\/\\\/myriapora.com\\\/es\\\/#\\\/schema\\\/logo\\\/image\\\/\",\"url\":\"https:\\\/\\\/myriapora.com\\\/wp-content\\\/uploads\\\/2022\\\/07\\\/cropped-myriapora_logofooter.png\",\"contentUrl\":\"https:\\\/\\\/myriapora.com\\\/wp-content\\\/uploads\\\/2022\\\/07\\\/cropped-myriapora_logofooter.png\",\"width\":250,\"height\":27,\"caption\":\"Myriapora\"},\"image\":{\"@id\":\"https:\\\/\\\/myriapora.com\\\/es\\\/#\\\/schema\\\/logo\\\/image\\\/\"}}]}<\/script>\n<!-- \/ Yoast SEO plugin. -->","yoast_head_json":{"title":"Leny Negro - Myriapora","robots":{"index":"index","follow":"follow","max-snippet":"max-snippet:-1","max-image-preview":"max-image-preview:large","max-video-preview":"max-video-preview:-1"},"canonical":"https:\/\/myriapora.com\/es\/producto\/leny-negro\/","og_locale":"es_ES","og_type":"article","og_title":"Leny Negro - Myriapora","og_description":"Estos zapatos de tac\u00f3n negros Leny son tan sofisticados como elegantes. Fabricados en piel de vacuno de color negro, con un el\u00e1stico al tono y un tac\u00f3n ancho de 80mm, tienen la plantilla ligeramente acolchada. Es un dise\u00f1o minimalista, c\u00f3modo y f\u00e1cil de combinar.","og_url":"https:\/\/myriapora.com\/es\/producto\/leny-negro\/","og_site_name":"Myriapora","article_modified_time":"2024-09-08T23:00:09+00:00","og_image":[{"width":960,"height":960,"url":"https:\/\/myriapora.com\/wp-content\/uploads\/2022\/08\/LENY_black_01-min.jpg","type":"image\/jpeg"}],"twitter_card":"summary_large_image","schema":{"@context":"https:\/\/schema.org","@graph":[{"@type":"WebPage","@id":"https:\/\/myriapora.com\/es\/producto\/leny-negro\/","url":"https:\/\/myriapora.com\/es\/producto\/leny-negro\/","name":"Leny Negro - Myriapora","isPartOf":{"@id":"https:\/\/myriapora.com\/es\/#website"},"primaryImageOfPage":{"@id":"https:\/\/myriapora.com\/es\/producto\/leny-negro\/#primaryimage"},"image":{"@id":"https:\/\/myriapora.com\/es\/producto\/leny-negro\/#primaryimage"},"thumbnailUrl":"https:\/\/myriapora.com\/wp-content\/uploads\/2022\/08\/LENY_black_01-min.jpg","datePublished":"2022-08-10T07:11:16+00:00","dateModified":"2024-09-08T23:00:09+00:00","breadcrumb":{"@id":"https:\/\/myriapora.com\/es\/producto\/leny-negro\/#breadcrumb"},"inLanguage":"es","potentialAction":[{"@type":"ReadAction","target":["https:\/\/myriapora.com\/es\/producto\/leny-negro\/"]}]},{"@type":"ImageObject","inLanguage":"es","@id":"https:\/\/myriapora.com\/es\/producto\/leny-negro\/#primaryimage","url":"https:\/\/myriapora.com\/wp-content\/uploads\/2022\/08\/LENY_black_01-min.jpg","contentUrl":"https:\/\/myriapora.com\/wp-content\/uploads\/2022\/08\/LENY_black_01-min.jpg","width":960,"height":960},{"@type":"BreadcrumbList","@id":"https:\/\/myriapora.com\/es\/producto\/leny-negro\/#breadcrumb","itemListElement":[{"@type":"ListItem","position":1,"name":"Portada","item":"https:\/\/myriapora.com\/es\/"},{"@type":"ListItem","position":2,"name":"Tienda","item":"https:\/\/myriapora.com\/es\/tienda\/"},{"@type":"ListItem","position":3,"name":"Leny Negro"}]},{"@type":"WebSite","@id":"https:\/\/myriapora.com\/es\/#website","url":"https:\/\/myriapora.com\/es\/","name":"Myriapora","description":"Timeless women\u2019s footwear crafted with artisanal care.","publisher":{"@id":"https:\/\/myriapora.com\/es\/#organization"},"potentialAction":[{"@type":"SearchAction","target":{"@type":"EntryPoint","urlTemplate":"https:\/\/myriapora.com\/es\/?s={search_term_string}"},"query-input":{"@type":"PropertyValueSpecification","valueRequired":true,"valueName":"search_term_string"}}],"inLanguage":"es"},{"@type":"Organization","@id":"https:\/\/myriapora.com\/es\/#organization","name":"Myriapora","url":"https:\/\/myriapora.com\/es\/","logo":{"@type":"ImageObject","inLanguage":"es","@id":"https:\/\/myriapora.com\/es\/#\/schema\/logo\/image\/","url":"https:\/\/myriapora.com\/wp-content\/uploads\/2022\/07\/cropped-myriapora_logofooter.png","contentUrl":"https:\/\/myriapora.com\/wp-content\/uploads\/2022\/07\/cropped-myriapora_logofooter.png","width":250,"height":27,"caption":"Myriapora"},"image":{"@id":"https:\/\/myriapora.com\/es\/#\/schema\/logo\/image\/"}}]}},"_links":{"self":[{"href":"https:\/\/myriapora.com\/es\/wp-json\/wp\/v2\/product\/1927","targetHints":{"allow":["GET"]}}],"collection":[{"href":"https:\/\/myriapora.com\/es\/wp-json\/wp\/v2\/product"}],"about":[{"href":"https:\/\/myriapora.com\/es\/wp-json\/wp\/v2\/types\/product"}],"replies":[{"embeddable":true,"href":"https:\/\/myriapora.com\/es\/wp-json\/wp\/v2\/comments?post=1927"}],"wp:featuredmedia":[{"embeddable":true,"href":"https:\/\/myriapora.com\/es\/wp-json\/wp\/v2\/media\/1291"}],"wp:attachment":[{"href":"https:\/\/myriapora.com\/es\/wp-json\/wp\/v2\/media?parent=1927"}],"wp:term":[{"taxonomy":"product_brand","embeddable":true,"href":"https:\/\/myriapora.com\/es\/wp-json\/wp\/v2\/product_brand?post=1927"},{"taxonomy":"product_cat","embeddable":true,"href":"https:\/\/myriapora.com\/es\/wp-json\/wp\/v2\/product_cat?post=1927"},{"taxonomy":"product_tag","embeddable":true,"href":"https:\/\/myriapora.com\/es\/wp-json\/wp\/v2\/product_tag?post=1927"}],"curies":[{"name":"wp","href":"https:\/\/api.w.org\/{rel}","templated":true}]}}