{"id":4202,"date":"2024-02-08T08:34:13","date_gmt":"2024-02-08T07:34:13","guid":{"rendered":"https:\/\/myriapora.com\/product\/waterdrop-myrtlegreen\/"},"modified":"2025-02-01T00:00:08","modified_gmt":"2025-01-31T23:00:08","slug":"waterdrop-myrtlegreen","status":"publish","type":"product","link":"https:\/\/myriapora.com\/es\/producto\/waterdrop-myrtlegreen\/","title":{"rendered":"Waterdrop Myrtlegreen"},"content":{"rendered":"<p>Composici\u00f3n exterior: 100% piel de ternera<\/p>\n<p>Foro sintetico<\/p>\n<p>Bolsillo interior abierto<\/p>\n<p>Solapa plegable<\/p>\n<p>Correa de piel ajustable para el hombro<\/p>\n<p>Cierre de bot\u00f3n a presi\u00f3n magn\u00e9tico<\/p>\n<p>Confeccionado en Italia<\/p>\n<p>Incluye bolsa de tela protectora<\/p>\n<p>Talla y corte:<\/p>\n<p>Largo: 25 cm x Ancho: 9 cm x Alto 15 cm<\/p>\n","protected":false},"excerpt":{"rendered":"<p>El bolso Waterdrop es el primer modelo para Myriapora de la l\u00ednea Waterdrop. Esta versi\u00f3n mediana est\u00e1 elaborada en Italia en manos de excelentes artesanos con piel Acolchada, presenta un dise\u00f1o moderno y pr\u00e1ctico con una correa ajustable y desmontable que permite llevarlo colgado del hombro durante el d\u00eda o como clutch por la noche.<\/p>\n","protected":false},"featured_media":4073,"comment_status":"closed","ping_status":"closed","template":"","meta":[],"product_brand":[],"product_cat":[64],"product_tag":[],"class_list":{"0":"post-4202","1":"product","2":"type-product","3":"status-publish","4":"has-post-thumbnail","6":"product_cat-bolsos","8":"first","9":"instock","10":"taxable","11":"shipping-taxable","12":"purchasable","13":"product-type-simple"},"yoast_head":"<!-- This site is optimized with the Yoast SEO plugin v27.3 - https:\/\/yoast.com\/product\/yoast-seo-wordpress\/ -->\n<title>Waterdrop Myrtlegreen - Myriapora<\/title>\n<meta name=\"robots\" content=\"index, follow, max-snippet:-1, max-image-preview:large, max-video-preview:-1\" \/>\n<link rel=\"canonical\" href=\"https:\/\/myriapora.com\/es\/producto\/waterdrop-myrtlegreen\/\" \/>\n<meta property=\"og:locale\" content=\"es_ES\" \/>\n<meta property=\"og:type\" content=\"article\" \/>\n<meta property=\"og:title\" content=\"Waterdrop Myrtlegreen - Myriapora\" \/>\n<meta property=\"og:description\" content=\"El bolso Waterdrop es el primer modelo para Myriapora de la l\u00ednea Waterdrop. Esta versi\u00f3n mediana est\u00e1 elaborada en Italia en manos de excelentes artesanos con piel Acolchada, presenta un dise\u00f1o moderno y pr\u00e1ctico con una correa ajustable y desmontable que permite llevarlo colgado del hombro durante el d\u00eda o como clutch por la noche.\" \/>\n<meta property=\"og:url\" content=\"https:\/\/myriapora.com\/es\/producto\/waterdrop-myrtlegreen\/\" \/>\n<meta property=\"og:site_name\" content=\"Myriapora\" \/>\n<meta property=\"article:modified_time\" content=\"2025-01-31T23:00:08+00:00\" \/>\n<meta property=\"og:image\" content=\"https:\/\/myriapora.com\/wp-content\/uploads\/2024\/02\/Waterdropbag_green_principal_blanco-min.jpeg\" \/>\n\t<meta property=\"og:image:width\" content=\"570\" \/>\n\t<meta property=\"og:image:height\" content=\"570\" \/>\n\t<meta property=\"og:image:type\" content=\"image\/jpeg\" \/>\n<meta name=\"twitter:card\" content=\"summary_large_image\" \/>\n<script type=\"application\/ld+json\" class=\"yoast-schema-graph\">{\"@context\":\"https:\\\/\\\/schema.org\",\"@graph\":[{\"@type\":\"WebPage\",\"@id\":\"https:\\\/\\\/myriapora.com\\\/es\\\/producto\\\/waterdrop-myrtlegreen\\\/\",\"url\":\"https:\\\/\\\/myriapora.com\\\/es\\\/producto\\\/waterdrop-myrtlegreen\\\/\",\"name\":\"Waterdrop Myrtlegreen - Myriapora\",\"isPartOf\":{\"@id\":\"https:\\\/\\\/myriapora.com\\\/es\\\/#website\"},\"primaryImageOfPage\":{\"@id\":\"https:\\\/\\\/myriapora.com\\\/es\\\/producto\\\/waterdrop-myrtlegreen\\\/#primaryimage\"},\"image\":{\"@id\":\"https:\\\/\\\/myriapora.com\\\/es\\\/producto\\\/waterdrop-myrtlegreen\\\/#primaryimage\"},\"thumbnailUrl\":\"https:\\\/\\\/myriapora.com\\\/wp-content\\\/uploads\\\/2024\\\/02\\\/Waterdropbag_green_01-min.jpeg\",\"datePublished\":\"2024-02-08T07:34:13+00:00\",\"dateModified\":\"2025-01-31T23:00:08+00:00\",\"breadcrumb\":{\"@id\":\"https:\\\/\\\/myriapora.com\\\/es\\\/producto\\\/waterdrop-myrtlegreen\\\/#breadcrumb\"},\"inLanguage\":\"es\",\"potentialAction\":[{\"@type\":\"ReadAction\",\"target\":[\"https:\\\/\\\/myriapora.com\\\/es\\\/producto\\\/waterdrop-myrtlegreen\\\/\"]}]},{\"@type\":\"ImageObject\",\"inLanguage\":\"es\",\"@id\":\"https:\\\/\\\/myriapora.com\\\/es\\\/producto\\\/waterdrop-myrtlegreen\\\/#primaryimage\",\"url\":\"https:\\\/\\\/myriapora.com\\\/wp-content\\\/uploads\\\/2024\\\/02\\\/Waterdropbag_green_01-min.jpeg\",\"contentUrl\":\"https:\\\/\\\/myriapora.com\\\/wp-content\\\/uploads\\\/2024\\\/02\\\/Waterdropbag_green_01-min.jpeg\",\"width\":960,\"height\":960},{\"@type\":\"BreadcrumbList\",\"@id\":\"https:\\\/\\\/myriapora.com\\\/es\\\/producto\\\/waterdrop-myrtlegreen\\\/#breadcrumb\",\"itemListElement\":[{\"@type\":\"ListItem\",\"position\":1,\"name\":\"Portada\",\"item\":\"https:\\\/\\\/myriapora.com\\\/es\\\/\"},{\"@type\":\"ListItem\",\"position\":2,\"name\":\"Tienda\",\"item\":\"https:\\\/\\\/myriapora.com\\\/es\\\/tienda\\\/\"},{\"@type\":\"ListItem\",\"position\":3,\"name\":\"Waterdrop Myrtlegreen\"}]},{\"@type\":\"WebSite\",\"@id\":\"https:\\\/\\\/myriapora.com\\\/es\\\/#website\",\"url\":\"https:\\\/\\\/myriapora.com\\\/es\\\/\",\"name\":\"Myriapora\",\"description\":\"Timeless women\u2019s footwear crafted with artisanal care.\",\"publisher\":{\"@id\":\"https:\\\/\\\/myriapora.com\\\/es\\\/#organization\"},\"potentialAction\":[{\"@type\":\"SearchAction\",\"target\":{\"@type\":\"EntryPoint\",\"urlTemplate\":\"https:\\\/\\\/myriapora.com\\\/es\\\/?s={search_term_string}\"},\"query-input\":{\"@type\":\"PropertyValueSpecification\",\"valueRequired\":true,\"valueName\":\"search_term_string\"}}],\"inLanguage\":\"es\"},{\"@type\":\"Organization\",\"@id\":\"https:\\\/\\\/myriapora.com\\\/es\\\/#organization\",\"name\":\"Myriapora\",\"url\":\"https:\\\/\\\/myriapora.com\\\/es\\\/\",\"logo\":{\"@type\":\"ImageObject\",\"inLanguage\":\"es\",\"@id\":\"https:\\\/\\\/myriapora.com\\\/es\\\/#\\\/schema\\\/logo\\\/image\\\/\",\"url\":\"https:\\\/\\\/myriapora.com\\\/wp-content\\\/uploads\\\/2022\\\/07\\\/cropped-myriapora_logofooter.png\",\"contentUrl\":\"https:\\\/\\\/myriapora.com\\\/wp-content\\\/uploads\\\/2022\\\/07\\\/cropped-myriapora_logofooter.png\",\"width\":250,\"height\":27,\"caption\":\"Myriapora\"},\"image\":{\"@id\":\"https:\\\/\\\/myriapora.com\\\/es\\\/#\\\/schema\\\/logo\\\/image\\\/\"}}]}<\/script>\n<!-- \/ Yoast SEO plugin. -->","yoast_head_json":{"title":"Waterdrop Myrtlegreen - Myriapora","robots":{"index":"index","follow":"follow","max-snippet":"max-snippet:-1","max-image-preview":"max-image-preview:large","max-video-preview":"max-video-preview:-1"},"canonical":"https:\/\/myriapora.com\/es\/producto\/waterdrop-myrtlegreen\/","og_locale":"es_ES","og_type":"article","og_title":"Waterdrop Myrtlegreen - Myriapora","og_description":"El bolso Waterdrop es el primer modelo para Myriapora de la l\u00ednea Waterdrop. Esta versi\u00f3n mediana est\u00e1 elaborada en Italia en manos de excelentes artesanos con piel Acolchada, presenta un dise\u00f1o moderno y pr\u00e1ctico con una correa ajustable y desmontable que permite llevarlo colgado del hombro durante el d\u00eda o como clutch por la noche.","og_url":"https:\/\/myriapora.com\/es\/producto\/waterdrop-myrtlegreen\/","og_site_name":"Myriapora","article_modified_time":"2025-01-31T23:00:08+00:00","og_image":[{"width":570,"height":570,"url":"https:\/\/myriapora.com\/wp-content\/uploads\/2024\/02\/Waterdropbag_green_principal_blanco-min.jpeg","type":"image\/jpeg"}],"twitter_card":"summary_large_image","schema":{"@context":"https:\/\/schema.org","@graph":[{"@type":"WebPage","@id":"https:\/\/myriapora.com\/es\/producto\/waterdrop-myrtlegreen\/","url":"https:\/\/myriapora.com\/es\/producto\/waterdrop-myrtlegreen\/","name":"Waterdrop Myrtlegreen - Myriapora","isPartOf":{"@id":"https:\/\/myriapora.com\/es\/#website"},"primaryImageOfPage":{"@id":"https:\/\/myriapora.com\/es\/producto\/waterdrop-myrtlegreen\/#primaryimage"},"image":{"@id":"https:\/\/myriapora.com\/es\/producto\/waterdrop-myrtlegreen\/#primaryimage"},"thumbnailUrl":"https:\/\/myriapora.com\/wp-content\/uploads\/2024\/02\/Waterdropbag_green_01-min.jpeg","datePublished":"2024-02-08T07:34:13+00:00","dateModified":"2025-01-31T23:00:08+00:00","breadcrumb":{"@id":"https:\/\/myriapora.com\/es\/producto\/waterdrop-myrtlegreen\/#breadcrumb"},"inLanguage":"es","potentialAction":[{"@type":"ReadAction","target":["https:\/\/myriapora.com\/es\/producto\/waterdrop-myrtlegreen\/"]}]},{"@type":"ImageObject","inLanguage":"es","@id":"https:\/\/myriapora.com\/es\/producto\/waterdrop-myrtlegreen\/#primaryimage","url":"https:\/\/myriapora.com\/wp-content\/uploads\/2024\/02\/Waterdropbag_green_01-min.jpeg","contentUrl":"https:\/\/myriapora.com\/wp-content\/uploads\/2024\/02\/Waterdropbag_green_01-min.jpeg","width":960,"height":960},{"@type":"BreadcrumbList","@id":"https:\/\/myriapora.com\/es\/producto\/waterdrop-myrtlegreen\/#breadcrumb","itemListElement":[{"@type":"ListItem","position":1,"name":"Portada","item":"https:\/\/myriapora.com\/es\/"},{"@type":"ListItem","position":2,"name":"Tienda","item":"https:\/\/myriapora.com\/es\/tienda\/"},{"@type":"ListItem","position":3,"name":"Waterdrop Myrtlegreen"}]},{"@type":"WebSite","@id":"https:\/\/myriapora.com\/es\/#website","url":"https:\/\/myriapora.com\/es\/","name":"Myriapora","description":"Timeless women\u2019s footwear crafted with artisanal care.","publisher":{"@id":"https:\/\/myriapora.com\/es\/#organization"},"potentialAction":[{"@type":"SearchAction","target":{"@type":"EntryPoint","urlTemplate":"https:\/\/myriapora.com\/es\/?s={search_term_string}"},"query-input":{"@type":"PropertyValueSpecification","valueRequired":true,"valueName":"search_term_string"}}],"inLanguage":"es"},{"@type":"Organization","@id":"https:\/\/myriapora.com\/es\/#organization","name":"Myriapora","url":"https:\/\/myriapora.com\/es\/","logo":{"@type":"ImageObject","inLanguage":"es","@id":"https:\/\/myriapora.com\/es\/#\/schema\/logo\/image\/","url":"https:\/\/myriapora.com\/wp-content\/uploads\/2022\/07\/cropped-myriapora_logofooter.png","contentUrl":"https:\/\/myriapora.com\/wp-content\/uploads\/2022\/07\/cropped-myriapora_logofooter.png","width":250,"height":27,"caption":"Myriapora"},"image":{"@id":"https:\/\/myriapora.com\/es\/#\/schema\/logo\/image\/"}}]}},"_links":{"self":[{"href":"https:\/\/myriapora.com\/es\/wp-json\/wp\/v2\/product\/4202","targetHints":{"allow":["GET"]}}],"collection":[{"href":"https:\/\/myriapora.com\/es\/wp-json\/wp\/v2\/product"}],"about":[{"href":"https:\/\/myriapora.com\/es\/wp-json\/wp\/v2\/types\/product"}],"replies":[{"embeddable":true,"href":"https:\/\/myriapora.com\/es\/wp-json\/wp\/v2\/comments?post=4202"}],"wp:featuredmedia":[{"embeddable":true,"href":"https:\/\/myriapora.com\/es\/wp-json\/wp\/v2\/media\/4073"}],"wp:attachment":[{"href":"https:\/\/myriapora.com\/es\/wp-json\/wp\/v2\/media?parent=4202"}],"wp:term":[{"taxonomy":"product_brand","embeddable":true,"href":"https:\/\/myriapora.com\/es\/wp-json\/wp\/v2\/product_brand?post=4202"},{"taxonomy":"product_cat","embeddable":true,"href":"https:\/\/myriapora.com\/es\/wp-json\/wp\/v2\/product_cat?post=4202"},{"taxonomy":"product_tag","embeddable":true,"href":"https:\/\/myriapora.com\/es\/wp-json\/wp\/v2\/product_tag?post=4202"}],"curies":[{"name":"wp","href":"https:\/\/api.w.org\/{rel}","templated":true}]}}